{"id":5016,"date":"2022-11-06T09:54:09","date_gmt":"2022-11-06T14:54:09","guid":{"rendered":"http:\/\/poweredbyartsimpact.ca\/ressources\/autres-ressources\/"},"modified":"2025-08-28T12:08:11","modified_gmt":"2025-08-28T16:08:11","slug":"autres-ressources","status":"publish","type":"page","link":"https:\/\/poweredbyartsimpact.ca\/fr\/ressources\/autres-ressources\/","title":{"rendered":"Autres Ressources"},"content":{"rendered":"\t\t<div data-elementor-type=\"wp-page\" data-elementor-id=\"5016\" class=\"elementor elementor-5016 elementor-4170\" data-elementor-post-type=\"page\">\n\t\t\t\t<div class=\"elementor-element elementor-element-dddae40 e-flex e-con-boxed e-con e-parent\" data-id=\"dddae40\" data-element_type=\"container\" data-e-type=\"container\" data-settings=\"{&quot;background_background&quot;:&quot;classic&quot;}\">\n\t\t\t\t\t<div class=\"e-con-inner\">\n\t\t<div class=\"elementor-element elementor-element-433e3b4 e-con-full e-flex e-con e-child\" data-id=\"433e3b4\" data-element_type=\"container\" data-e-type=\"container\">\n\t\t\t\t<div class=\"elementor-element elementor-element-beffc9e elementor-widget elementor-widget-heading\" data-id=\"beffc9e\" data-element_type=\"widget\" data-e-type=\"widget\" data-widget_type=\"heading.default\">\n\t\t\t\t<div class=\"elementor-widget-container\">\n\t\t\t\t\t<h1 class=\"elementor-heading-title elementor-size-default\">Ressources<\/h1>\t\t\t\t<\/div>\n\t\t\t\t<\/div>\n\t\t\t\t<div class=\"elementor-element elementor-element-15b24715 elementor-widget elementor-widget-heading\" data-id=\"15b24715\" data-element_type=\"widget\" data-e-type=\"widget\" data-widget_type=\"heading.default\">\n\t\t\t\t<div class=\"elementor-widget-container\">\n\t\t\t\t\t<h1 class=\"elementor-heading-title elementor-size-default\">Autres Ressources<\/h1>\t\t\t\t<\/div>\n\t\t\t\t<\/div>\n\t\t\t\t<div class=\"elementor-element elementor-element-d5fc0ed elementor-mobile-align-center elementor-widget elementor-widget-button\" data-id=\"d5fc0ed\" data-element_type=\"widget\" data-e-type=\"widget\" data-widget_type=\"button.default\">\n\t\t\t\t<div class=\"elementor-widget-container\">\n\t\t\t\t\t\t\t\t\t<div class=\"elementor-button-wrapper\">\n\t\t\t\t\t<a class=\"elementor-button elementor-button-link elementor-size-sm\" href=\"http:\/\/poweredbyartsimpact.ca\/wp-content\/uploads\/2022\/11\/Other-Resources.pdf\" target=\"_blank\">\n\t\t\t\t\t\t<span class=\"elementor-button-content-wrapper\">\n\t\t\t\t\t\t\t\t\t<span class=\"elementor-button-text\">Download Resource<\/span>\n\t\t\t\t\t<\/span>\n\t\t\t\t\t<\/a>\n\t\t\t\t<\/div>\n\t\t\t\t\t\t\t\t<\/div>\n\t\t\t\t<\/div>\n\t\t\t\t<\/div>\n\t\t<div class=\"elementor-element elementor-element-feeb60c e-con-full e-flex e-con e-child\" data-id=\"feeb60c\" data-element_type=\"container\" data-e-type=\"container\" data-settings=\"{&quot;background_background&quot;:&quot;classic&quot;}\">\n\t\t\t\t<\/div>\n\t\t\t\t\t<\/div>\n\t\t\t\t<\/div>\n\t\t<div class=\"elementor-element elementor-element-97e59a e-flex e-con-boxed e-con e-parent\" data-id=\"97e59a\" data-element_type=\"container\" data-e-type=\"container\">\n\t\t\t\t\t<div class=\"e-con-inner\">\n\t\t\t\t<div class=\"elementor-element elementor-element-6be9267a elementor-widget__width-inherit elementor-widget-divider--view-line_icon elementor-widget-divider--element-align-left elementor-widget-mobile__width-inherit elementor-widget-divider--separator-type-pattern elementor-widget-divider--no-spacing elementor-view-default elementor-widget elementor-widget-divider\" data-id=\"6be9267a\" data-element_type=\"widget\" data-e-type=\"widget\" data-widget_type=\"divider.default\">\n\t\t\t\t<div class=\"elementor-widget-container\">\n\t\t\t\t\t\t\t<div class=\"elementor-divider\" style=\"--divider-pattern-url: url(&quot;data:image\/svg+xml,%3Csvg xmlns=&#039;http:\/\/www.w3.org\/2000\/svg&#039; preserveAspectRatio=&#039;xMidYMid meet&#039; overflow=&#039;visible&#039; height=&#039;100%&#039; viewBox=&#039;0 0 126 26&#039; fill=&#039;black&#039; stroke=&#039;none&#039;%3E%3Cpath d=&#039;M3,10.2c2.6,0,2.6,2,2.6,3.2S4.4,16.5,3,16.5s-3-1.4-3-3.2S0.4,10.2,3,10.2z M18.8,10.2c1.7,0,3.2,1.4,3.2,3.2s-1.4,3.2-3.2,3.2c-1.7,0-3.2-1.4-3.2-3.2S17,10.2,18.8,10.2z M34.6,10.2c1.5,0,2.6,1.4,2.6,3.2s-0.5,3.2-1.9,3.2c-1.5,0-3.4-1.4-3.4-3.2S33.1,10.2,34.6,10.2z M50.5,10.2c1.7,0,3.2,1.4,3.2,3.2s-1.4,3.2-3.2,3.2c-1.7,0-3.3-0.9-3.3-2.6S48.7,10.2,50.5,10.2z M66.2,10.2c1.5,0,3.4,1.4,3.4,3.2s-1.9,3.2-3.4,3.2c-1.5,0-2.6-0.4-2.6-2.1S64.8,10.2,66.2,10.2z M82.2,10.2c1.7,0.8,2.6,1.4,2.6,3.2s-0.1,3.2-1.6,3.2c-1.5,0-3.7-1.4-3.7-3.2S80.5,9.4,82.2,10.2zM98.6,10.2c1.5,0,2.6,0.4,2.6,2.1s-1.2,4.2-2.6,4.2c-1.5,0-3.7-0.4-3.7-2.1S97.1,10.2,98.6,10.2z M113.4,10.2c1.2,0,2.2,0.9,2.2,3.2s-0.1,3.2-1.3,3.2s-3.1-1.4-3.1-3.2S112.2,10.2,113.4,10.2z&#039;\/%3E%3C\/svg%3E&quot;);\">\n\t\t\t<span class=\"elementor-divider-separator\">\n\t\t\t\t\t\t\t<div class=\"elementor-icon elementor-divider__element\">\n\t\t\t\t\t<i aria-hidden=\"true\" class=\"fal fa-camera-alt\"><\/i><\/div>\n\t\t\t\t\t\t<\/span>\n\t\t<\/div>\n\t\t\t\t\t\t<\/div>\n\t\t\t\t<\/div>\n\t\t<div class=\"elementor-element elementor-element-220db318 e-con-full e-flex e-con e-child\" data-id=\"220db318\" data-element_type=\"container\" data-e-type=\"container\">\n\t\t\t\t<div class=\"elementor-element elementor-element-1026ca70 headerH2 elementor-widget elementor-widget-text-editor\" data-id=\"1026ca70\" data-element_type=\"widget\" data-e-type=\"widget\" data-widget_type=\"text-editor.default\">\n\t\t\t\t<div class=\"elementor-widget-container\">\n\t\t\t\t\t\t\t\t\t<p>Voici d\u2019autres ressources qui nous ont \u00e9t\u00e9 d\u2019une aide pr\u00e9cieuse lors de pr\u00e9c\u00e9dents travaux d\u2019\u00e9valuation et de d\u00e9termination de l\u2019incidence, esp\u00e9rant qu\u2019ils vous seront \u00e9galement :<\/p>\n\t\t\t\t\t\t\t\t<\/div>\n\t\t\t\t<\/div>\n\t\t\t\t<div class=\"elementor-element elementor-element-b099fa8 resourcesList elementor-list-item-link-inline elementor-icon-list--layout-traditional elementor-widget elementor-widget-icon-list\" data-id=\"b099fa8\" data-element_type=\"widget\" data-e-type=\"widget\" data-widget_type=\"icon-list.default\">\n\t\t\t\t<div class=\"elementor-widget-container\">\n\t\t\t\t\t\t\t<ul class=\"elementor-icon-list-items\">\n\t\t\t\t\t\t\t<li class=\"elementor-icon-list-item\">\n\t\t\t\t\t\t\t\t\t\t\t<span class=\"elementor-icon-list-icon\">\n\t\t\t\t\t\t\t<i aria-hidden=\"true\" class=\"fas fa-angle-right\"><\/i>\t\t\t\t\t\t<\/span>\n\t\t\t\t\t\t\t\t\t\t<span class=\"elementor-icon-list-text\">La <a target=\"blank\" href=\"https:\/\/evaluationcanada.ca\/\" rel=\"noopener\">Soci\u00e9t\u00e9 canadienne de l\u2019\u00e9valuation<\/a> (SCE) offre des formations en \u00e9valuation, dont certaines sont intensives et durent deux jours. Si vous \u00eates \u00e0 la recherche d\u2019un-e \u00e9valuateur-trice professionnel-le pour vous aider dans le cadre de l\u2019un de vos projets, vous pouvez publier un appel de proposition ou une offre d\u2019emploi sur son site web. Chaque province poss\u00e8de sa propre division; vous pourrez y trouver des listes des consultant-e-s en \u00e9valuation de m\u00eame que des formations en ligne et en personne sur leur territoire.<\/span>\n\t\t\t\t\t\t\t\t\t<\/li>\n\t\t\t\t\t\t\t\t<li class=\"elementor-icon-list-item\">\n\t\t\t\t\t\t\t\t\t\t\t<span class=\"elementor-icon-list-icon\">\n\t\t\t\t\t\t\t<i aria-hidden=\"true\" class=\"fas fa-angle-right\"><\/i>\t\t\t\t\t\t<\/span>\n\t\t\t\t\t\t\t\t\t\t<span class=\"elementor-icon-list-text\">L\u2019<a target=\"blank\" href=\"https:\/\/www.eval.org\/\" rel=\"noopener\">American \u00c9valuation Association<\/a> est le pendant \u00e9tasunien de la SCE. L\u2019Evaluators\u2019 Institute est \u00e9galement bas\u00e9 aux \u00c9tats-Unis. Il propose une gamme de formations en personne et en ligne couvrant divers aspects du travail d\u2019\u00e9valuation (ex. : statistiques, \u00e9valuation adapt\u00e9e au contexte culturel).<\/span>\n\t\t\t\t\t\t\t\t\t<\/li>\n\t\t\t\t\t\t\t\t<li class=\"elementor-icon-list-item\">\n\t\t\t\t\t\t\t\t\t\t\t<span class=\"elementor-icon-list-icon\">\n\t\t\t\t\t\t\t<i aria-hidden=\"true\" class=\"fas fa-angle-right\"><\/i>\t\t\t\t\t\t<\/span>\n\t\t\t\t\t\t\t\t\t\t<span class=\"elementor-icon-list-text\"> L\u2019<a target=\"blank\" href=\"https:\/\/tei.cgu.edu\/\" rel=\"noopener\">Evaluators\u2019 Institute<\/a> est \u00e9galement bas\u00e9 aux \u00c9tats-Unis. Il propose une gamme de formations en personne et en ligne couvrant divers aspects du travail d\u2019\u00e9valuation (ex. : statistiques, \u00e9valuation adapt\u00e9e au contexte culturel).<\/span>\n\t\t\t\t\t\t\t\t\t<\/li>\n\t\t\t\t\t\t\t\t<li class=\"elementor-icon-list-item\">\n\t\t\t\t\t\t\t\t\t\t\t<span class=\"elementor-icon-list-icon\">\n\t\t\t\t\t\t\t<i aria-hidden=\"true\" class=\"fas fa-angle-right\"><\/i>\t\t\t\t\t\t<\/span>\n\t\t\t\t\t\t\t\t\t\t<span class=\"elementor-icon-list-text\"><p> Le <a target=\"blank\" href=\"https:\/\/fnigc.ca\/\" rel=\"noopener\">Centre de gouvernance de l\u2019information des Premi\u00e8res Nations<\/a> est un incontournable si vous devez recueillir de l\u2019information aupr\u00e8s d\u2019une communaut\u00e9 de Premi\u00e8re Nation, travailler avec des partenaires autochtones, ou prendre part \u00e0 un projet men\u00e9 par des Autochtones. Il est important de contacter ce centre, car il promeut et enseigne les principes de <a href=\"https:\/\/fnigc.ca\/ocap-training\/\" target=\"blank\" rel=\"noopener\">PCAPMD<\/a> (propri\u00e9t\u00e9, contr\u00f4le, acc\u00e8s et possession) des Premi\u00e8res Nations. Jetez \u00e9galement un \u0153il \u00e0 ce <a href=\"#\" target=\"blank\">billet de blogue<\/a> r\u00e9dig\u00e9 par l\u2019\u00e9quipe de Good Roots Consulting qui d\u00e9crit les principes de PCAPMD et leur pertinence pour le travail d\u2019\u00e9valuation.<\/p><\/span>\n\t\t\t\t\t\t\t\t\t<\/li>\n\t\t\t\t\t\t\t\t<li class=\"elementor-icon-list-item\">\n\t\t\t\t\t\t\t\t\t\t\t<span class=\"elementor-icon-list-icon\">\n\t\t\t\t\t\t\t<i aria-hidden=\"true\" class=\"fas fa-angle-right\"><\/i>\t\t\t\t\t\t<\/span>\n\t\t\t\t\t\t\t\t\t\t<span class=\"elementor-icon-list-text\"> L\u2019<a target=\"blank\" href=\"https:\/\/www.commonapproach.org\/\" rel=\"noopener\">Approche commune<\/a> est une initiative qui s\u2019est donn\u00e9e comme objectif d\u2019am\u00e9liorer la mani\u00e8re dont les organisations \u00e0 vocation sociale mesurent l\u2019incidence de leur travail. Son \u00e9quipe a d\u00e9velopp\u00e9 une norme pour les donn\u00e9es permettant de mesurer l\u2019incidence; il s\u2019agit d\u2019un outil organisationnel servant \u00e0 d\u00e9terminer les besoins et les capacit\u00e9s d\u2019une organisation sur le plan de la mesure de son incidence, de m\u00eame qu\u2019\u00e0 lui donner l\u2019occasion de renforcer ses capacit\u00e9s en mati\u00e8re d\u2019\u00e9valuation de son incidence.<\/span>\n\t\t\t\t\t\t\t\t\t<\/li>\n\t\t\t\t\t\t\t\t<li class=\"elementor-icon-list-item\">\n\t\t\t\t\t\t\t\t\t\t\t<span class=\"elementor-icon-list-icon\">\n\t\t\t\t\t\t\t<i aria-hidden=\"true\" class=\"fas fa-angle-right\"><\/i>\t\t\t\t\t\t<\/span>\n\t\t\t\t\t\t\t\t\t\t<span class=\"elementor-icon-list-text\"><a target=\"blank\" href=\"https:\/\/www.betterevaluation.org\/\" rel=\"noopener\">Better Evaluation<\/a> est un site web qui contient des tonnes d\u2019informations et de ressources sur divers th\u00e8mes, approches et m\u00e9thodes en \u00e9valuation. Artifex propose des ressources li\u00e9es aux domaines des arts et de la culture rassembl\u00e9es et g\u00e9r\u00e9es par Mobilisation culturelle et la Creative Hubs and Networks Mapping Initiative bas\u00e9e \u00e0 l\u2019Universit\u00e9 de Toronto \u00e0 Scarborough (UTS), avec le soutien du Critical Digital Methods Institute de l\u2019UTS.<\/span>\n\t\t\t\t\t\t\t\t\t<\/li>\n\t\t\t\t\t\t\t\t<li class=\"elementor-icon-list-item\">\n\t\t\t\t\t\t\t\t\t\t\t<span class=\"elementor-icon-list-icon\">\n\t\t\t\t\t\t\t<i aria-hidden=\"true\" class=\"fas fa-angle-right\"><\/i>\t\t\t\t\t\t<\/span>\n\t\t\t\t\t\t\t\t\t\t<span class=\"elementor-icon-list-text\"><a target=\"blank\" href=\"https:\/\/artifex.com\/\" rel=\"noopener\">Artifex<\/a> propose des ressources li\u00e9es aux domaines des arts et de la culture rassembl\u00e9es et g\u00e9r\u00e9es par Mobilisation culturelle et la Creative Hubs and Networks Mapping Initiative bas\u00e9e \u00e0 l\u2019Universit\u00e9 de Toronto \u00e0 Scarborough (UTS), avec le soutien du Critical Digital Methods Institute de l\u2019UTS.<\/span>\n\t\t\t\t\t\t\t\t\t<\/li>\n\t\t\t\t\t\t<\/ul>\n\t\t\t\t\t\t<\/div>\n\t\t\t\t<\/div>\n\t\t\t\t<div class=\"elementor-element elementor-element-a4039a8 elementor-mobile-align-center elementor-widget elementor-widget-button\" data-id=\"a4039a8\" data-element_type=\"widget\" data-e-type=\"widget\" data-widget_type=\"button.default\">\n\t\t\t\t<div class=\"elementor-widget-container\">\n\t\t\t\t\t\t\t\t\t<div class=\"elementor-button-wrapper\">\n\t\t\t\t\t<a class=\"elementor-button elementor-button-link elementor-size-lg\" href=\"http:\/\/poweredbyartsimpact.ca\/resources\/\">\n\t\t\t\t\t\t<span class=\"elementor-button-content-wrapper\">\n\t\t\t\t\t\t\t\t\t<span class=\"elementor-button-text\">Back to resources<\/span>\n\t\t\t\t\t<\/span>\n\t\t\t\t\t<\/a>\n\t\t\t\t<\/div>\n\t\t\t\t\t\t\t\t<\/div>\n\t\t\t\t<\/div>\n\t\t\t\t<\/div>\n\t\t<div class=\"elementor-element elementor-element-18765aa1 e-con-full e-flex e-con e-child\" data-id=\"18765aa1\" data-element_type=\"container\" data-e-type=\"container\">\n\t\t\t\t<div class=\"elementor-element elementor-element-5ce97397 elementor-widget elementor-widget-image\" data-id=\"5ce97397\" data-element_type=\"widget\" data-e-type=\"widget\" data-widget_type=\"image.default\">\n\t\t\t\t<div class=\"elementor-widget-container\">\n\t\t\t\t\t\t\t\t\t\t\t\t\t\t\t<img fetchpriority=\"high\" decoding=\"async\" width=\"600\" height=\"716\" src=\"https:\/\/poweredbyartsimpact.ca\/wp-content\/uploads\/2022\/11\/Other-Resources-img-1.jpg\" class=\"attachment-large size-large wp-image-4836\" alt=\"\" srcset=\"https:\/\/poweredbyartsimpact.ca\/wp-content\/uploads\/2022\/11\/Other-Resources-img-1.jpg 600w, https:\/\/poweredbyartsimpact.ca\/wp-content\/uploads\/2022\/11\/Other-Resources-img-1-251x300.jpg 251w\" sizes=\"(max-width: 600px) 100vw, 600px\" \/>\t\t\t\t\t\t\t\t\t\t\t\t\t\t\t<\/div>\n\t\t\t\t<\/div>\n\t\t\t\t<div class=\"elementor-element elementor-element-c3beb03 elementor-widget elementor-widget-image\" data-id=\"c3beb03\" data-element_type=\"widget\" data-e-type=\"widget\" data-widget_type=\"image.default\">\n\t\t\t\t<div class=\"elementor-widget-container\">\n\t\t\t\t\t\t\t\t\t\t\t\t\t\t\t<img decoding=\"async\" width=\"600\" height=\"716\" src=\"https:\/\/poweredbyartsimpact.ca\/wp-content\/uploads\/2022\/11\/Other-Resources-img-2.jpg\" class=\"attachment-large size-large wp-image-4835\" alt=\"\" srcset=\"https:\/\/poweredbyartsimpact.ca\/wp-content\/uploads\/2022\/11\/Other-Resources-img-2.jpg 600w, https:\/\/poweredbyartsimpact.ca\/wp-content\/uploads\/2022\/11\/Other-Resources-img-2-251x300.jpg 251w\" sizes=\"(max-width: 600px) 100vw, 600px\" \/>\t\t\t\t\t\t\t\t\t\t\t\t\t\t\t<\/div>\n\t\t\t\t<\/div>\n\t\t\t\t<\/div>\n\t\t\t\t<div class=\"elementor-element elementor-element-1a1c039 elementor-widget__width-inherit elementor-widget-divider--view-line_icon elementor-widget-divider--element-align-right elementor-widget-divider--separator-type-pattern elementor-widget-divider--no-spacing elementor-view-default elementor-widget elementor-widget-divider\" data-id=\"1a1c039\" data-element_type=\"widget\" data-e-type=\"widget\" data-widget_type=\"divider.default\">\n\t\t\t\t<div class=\"elementor-widget-container\">\n\t\t\t\t\t\t\t<div class=\"elementor-divider\" style=\"--divider-pattern-url: url(&quot;data:image\/svg+xml,%3Csvg xmlns=&#039;http:\/\/www.w3.org\/2000\/svg&#039; preserveAspectRatio=&#039;xMidYMid meet&#039; overflow=&#039;visible&#039; height=&#039;100%&#039; viewBox=&#039;0 0 126 26&#039; fill=&#039;black&#039; stroke=&#039;none&#039;%3E%3Cpath d=&#039;M3,10.2c2.6,0,2.6,2,2.6,3.2S4.4,16.5,3,16.5s-3-1.4-3-3.2S0.4,10.2,3,10.2z M18.8,10.2c1.7,0,3.2,1.4,3.2,3.2s-1.4,3.2-3.2,3.2c-1.7,0-3.2-1.4-3.2-3.2S17,10.2,18.8,10.2z M34.6,10.2c1.5,0,2.6,1.4,2.6,3.2s-0.5,3.2-1.9,3.2c-1.5,0-3.4-1.4-3.4-3.2S33.1,10.2,34.6,10.2z M50.5,10.2c1.7,0,3.2,1.4,3.2,3.2s-1.4,3.2-3.2,3.2c-1.7,0-3.3-0.9-3.3-2.6S48.7,10.2,50.5,10.2z M66.2,10.2c1.5,0,3.4,1.4,3.4,3.2s-1.9,3.2-3.4,3.2c-1.5,0-2.6-0.4-2.6-2.1S64.8,10.2,66.2,10.2z M82.2,10.2c1.7,0.8,2.6,1.4,2.6,3.2s-0.1,3.2-1.6,3.2c-1.5,0-3.7-1.4-3.7-3.2S80.5,9.4,82.2,10.2zM98.6,10.2c1.5,0,2.6,0.4,2.6,2.1s-1.2,4.2-2.6,4.2c-1.5,0-3.7-0.4-3.7-2.1S97.1,10.2,98.6,10.2z M113.4,10.2c1.2,0,2.2,0.9,2.2,3.2s-0.1,3.2-1.3,3.2s-3.1-1.4-3.1-3.2S112.2,10.2,113.4,10.2z&#039;\/%3E%3C\/svg%3E&quot;);\">\n\t\t\t<span class=\"elementor-divider-separator\">\n\t\t\t\t\t\t\t<div class=\"elementor-icon elementor-divider__element\">\n\t\t\t\t\t<i aria-hidden=\"true\" class=\"fal fa-camera-alt\"><\/i><\/div>\n\t\t\t\t\t\t<\/span>\n\t\t<\/div>\n\t\t\t\t\t\t<\/div>\n\t\t\t\t<\/div>\n\t\t\t\t\t<\/div>\n\t\t\t\t<\/div>\n\t\t\t\t<\/div>\n\t\t","protected":false},"excerpt":{"rendered":"<p>Ressources Download Resource Voici d\u2019autres ressources qui nous ont \u00e9t\u00e9 d\u2019une aide pr\u00e9cieuse lors de pr\u00e9c\u00e9dents travaux d\u2019\u00e9valuation et de d\u00e9termination de l\u2019incidence, esp\u00e9rant qu\u2019ils vous seront \u00e9galement : La Soci\u00e9t\u00e9 canadienne de l\u2019\u00e9valuation (SCE) offre des formations en \u00e9valuation, dont certaines sont intensives et durent deux jours. Si vous \u00eates \u00e0 la recherche d\u2019un-e [&hellip;]<\/p>\n","protected":false},"author":2,"featured_media":0,"parent":5014,"menu_order":8,"comment_status":"closed","ping_status":"closed","template":"","meta":{"site-sidebar-layout":"no-sidebar","site-content-layout":"page-builder","ast-site-content-layout":"default","site-content-style":"default","site-sidebar-style":"default","ast-global-header-display":"","ast-banner-title-visibility":"","ast-main-header-display":"","ast-hfb-above-header-display":"","ast-hfb-below-header-display":"","ast-hfb-mobile-header-display":"","site-post-title":"disabled","ast-breadcrumbs-content":"","ast-featured-img":"disabled","footer-sml-layout":"","ast-disable-related-posts":"","theme-transparent-header-meta":"default","adv-header-id-meta":"","stick-header-meta":"","header-above-stick-meta":"","header-main-stick-meta":"","header-below-stick-meta":"","astra-migrate-meta-layouts":"default","ast-page-background-enabled":"default","ast-page-background-meta":{"desktop":{"background-color":"","background-image":"","background-repeat":"repeat","background-position":"center center","background-size":"auto","background-attachment":"scroll","background-type":"","background-media":"","overlay-type":"","overlay-color":"","overlay-opacity":"","overlay-gradient":""},"tablet":{"background-color":"","background-image":"","background-repeat":"repeat","background-position":"center center","background-size":"auto","background-attachment":"scroll","background-type":"","background-media":"","overlay-type":"","overlay-color":"","overlay-opacity":"","overlay-gradient":""},"mobile":{"background-color":"","background-image":"","background-repeat":"repeat","background-position":"center center","background-size":"auto","background-attachment":"scroll","background-type":"","background-media":"","overlay-type":"","overlay-color":"","overlay-opacity":"","overlay-gradient":""}},"ast-content-background-meta":{"desktop":{"background-color":"var(--ast-global-color-5)","background-image":"","background-repeat":"repeat","background-position":"center center","background-size":"auto","background-attachment":"scroll","background-type":"","background-media":"","overlay-type":"","overlay-color":"","overlay-opacity":"","overlay-gradient":""},"tablet":{"background-color":"var(--ast-global-color-5)","background-image":"","background-repeat":"repeat","background-position":"center center","background-size":"auto","background-attachment":"scroll","background-type":"","background-media":"","overlay-type":"","overlay-color":"","overlay-opacity":"","overlay-gradient":""},"mobile":{"background-color":"var(--ast-global-color-5)","background-image":"","background-repeat":"repeat","background-position":"center center","background-size":"auto","background-attachment":"scroll","background-type":"","background-media":"","overlay-type":"","overlay-color":"","overlay-opacity":"","overlay-gradient":""}},"footnotes":""},"class_list":["post-5016","page","type-page","status-publish","hentry"],"_links":{"self":[{"href":"https:\/\/poweredbyartsimpact.ca\/fr\/wp-json\/wp\/v2\/pages\/5016","targetHints":{"allow":["GET"]}}],"collection":[{"href":"https:\/\/poweredbyartsimpact.ca\/fr\/wp-json\/wp\/v2\/pages"}],"about":[{"href":"https:\/\/poweredbyartsimpact.ca\/fr\/wp-json\/wp\/v2\/types\/page"}],"author":[{"embeddable":true,"href":"https:\/\/poweredbyartsimpact.ca\/fr\/wp-json\/wp\/v2\/users\/2"}],"replies":[{"embeddable":true,"href":"https:\/\/poweredbyartsimpact.ca\/fr\/wp-json\/wp\/v2\/comments?post=5016"}],"version-history":[{"count":5,"href":"https:\/\/poweredbyartsimpact.ca\/fr\/wp-json\/wp\/v2\/pages\/5016\/revisions"}],"predecessor-version":[{"id":5924,"href":"https:\/\/poweredbyartsimpact.ca\/fr\/wp-json\/wp\/v2\/pages\/5016\/revisions\/5924"}],"up":[{"embeddable":true,"href":"https:\/\/poweredbyartsimpact.ca\/fr\/wp-json\/wp\/v2\/pages\/5014"}],"wp:attachment":[{"href":"https:\/\/poweredbyartsimpact.ca\/fr\/wp-json\/wp\/v2\/media?parent=5016"}],"curies":[{"name":"wp","href":"https:\/\/api.w.org\/{rel}","templated":true}]}}