{"id":5018,"date":"2021-08-05T08:29:29","date_gmt":"2021-08-05T12:29:29","guid":{"rendered":"http:\/\/poweredbyartsimpact.ca\/a-propos-de-nous\/"},"modified":"2025-08-28T11:41:09","modified_gmt":"2025-08-28T15:41:09","slug":"a-propos-de-nous","status":"publish","type":"page","link":"https:\/\/poweredbyartsimpact.ca\/fr\/a-propos-de-nous\/","title":{"rendered":"\u00c0 propos de nous"},"content":{"rendered":"\t\t<div data-elementor-type=\"wp-page\" data-elementor-id=\"5018\" class=\"elementor elementor-5018 elementor-688\" data-elementor-post-type=\"page\">\n\t\t\t\t<div class=\"elementor-element elementor-element-225f031d e-flex e-con-boxed e-con e-parent\" data-id=\"225f031d\" data-element_type=\"container\" data-e-type=\"container\" data-settings=\"{&quot;background_background&quot;:&quot;classic&quot;}\">\n\t\t\t\t\t<div class=\"e-con-inner\">\n\t\t\t\t<div class=\"elementor-element elementor-element-4181e6e1 elementor-widget elementor-widget-heading\" data-id=\"4181e6e1\" data-element_type=\"widget\" data-e-type=\"widget\" data-widget_type=\"heading.default\">\n\t\t\t\t<div class=\"elementor-widget-container\">\n\t\t\t\t\t<h1 class=\"elementor-heading-title elementor-size-default\">\u00c0 propos de nous<\/h1>\t\t\t\t<\/div>\n\t\t\t\t<\/div>\n\t\t\t\t<div class=\"elementor-element elementor-element-125236f2 elementor-widget__width-initial headerH2 elementor-widget elementor-widget-text-editor\" data-id=\"125236f2\" data-element_type=\"widget\" data-e-type=\"widget\" data-widget_type=\"text-editor.default\">\n\t\t\t\t<div class=\"elementor-widget-container\">\n\t\t\t\t\t\t\t\t\t<p>Nous sommes un groupe d\u2019organisations engag\u00e9es \u00e0 renforcer les capacit\u00e9s du domaine des arts en mati\u00e8re d\u2019\u00e9valuation<\/p>\t\t\t\t\t\t\t\t<\/div>\n\t\t\t\t<\/div>\n\t\t\t\t\t<\/div>\n\t\t\t\t<\/div>\n\t\t<div class=\"elementor-element elementor-element-5c1bf30 e-flex e-con-boxed e-con e-parent\" data-id=\"5c1bf30\" data-element_type=\"container\" data-e-type=\"container\">\n\t\t\t\t\t<div class=\"e-con-inner\">\n\t\t<div class=\"elementor-element elementor-element-8fb22c9 e-con-full e-flex e-con e-child\" data-id=\"8fb22c9\" data-element_type=\"container\" data-e-type=\"container\">\n\t\t\t\t<div class=\"elementor-element elementor-element-f6b5da5 elementor-widget elementor-widget-image\" data-id=\"f6b5da5\" data-element_type=\"widget\" data-e-type=\"widget\" data-widget_type=\"image.default\">\n\t\t\t\t<div class=\"elementor-widget-container\">\n\t\t\t\t\t\t\t\t\t\t\t\t\t\t\t<img fetchpriority=\"high\" decoding=\"async\" width=\"864\" height=\"417\" src=\"https:\/\/poweredbyartsimpact.ca\/wp-content\/uploads\/2022\/10\/Logo-opera-canada-powered-by-art-impact-v2.jpg\" class=\"attachment-large size-large wp-image-4787\" alt=\"\" srcset=\"https:\/\/poweredbyartsimpact.ca\/wp-content\/uploads\/2022\/10\/Logo-opera-canada-powered-by-art-impact-v2.jpg 864w, https:\/\/poweredbyartsimpact.ca\/wp-content\/uploads\/2022\/10\/Logo-opera-canada-powered-by-art-impact-v2-300x145.jpg 300w, https:\/\/poweredbyartsimpact.ca\/wp-content\/uploads\/2022\/10\/Logo-opera-canada-powered-by-art-impact-v2-768x371.jpg 768w\" sizes=\"(max-width: 864px) 100vw, 864px\" \/>\t\t\t\t\t\t\t\t\t\t\t\t\t\t\t<\/div>\n\t\t\t\t<\/div>\n\t\t\t\t<div class=\"elementor-element elementor-element-3bd67d44 headerH2 elementor-widget elementor-widget-text-editor\" data-id=\"3bd67d44\" data-element_type=\"widget\" data-e-type=\"widget\" data-widget_type=\"text-editor.default\">\n\t\t\t\t<div class=\"elementor-widget-container\">\n\t\t\t\t\t\t\t\t\t<p>L\u2019<a href=\"https:\/\/www.opera.ca\/\" target=\"_blank\" rel=\"noopener\">Association pour l\u2019op\u00e9ra au Canada<\/a> (AOC) est une association dont les membres sont des troupes et des artistes d\u2019op\u00e9ra, des entreprises, des \u00e9tablissements d\u2019enseignement et des personnes.<\/p><p>\u00a0<\/p><p>Son mandat consiste \u00e0 faire en sorte que l\u2019op\u00e9ra occupe une place centrale dans la vie des Canadien-ne-s. Elle collabore avec des membres du domaine afin d\u2019att\u00e9nuer les d\u00e9fis, de c\u00e9l\u00e9brer les r\u00e9ussites et d\u2019aider l\u2019op\u00e9ra \u00e0 prosp\u00e9rer dans un contexte en constante \u00e9volution. Elle sert de plateforme de communication, assure une fonction de liaison et de coordination, agit comme promoteur et catalyseur du changement, et d\u00e9fend sans rel\u00e2che les int\u00e9r\u00eats de ce domaine.<\/p>\t\t\t\t\t\t\t\t<\/div>\n\t\t\t\t<\/div>\n\t\t\t\t<\/div>\n\t\t<div class=\"elementor-element elementor-element-fd0387a e-con-full e-flex e-con e-child\" data-id=\"fd0387a\" data-element_type=\"container\" data-e-type=\"container\">\n\t\t\t\t<div class=\"elementor-element elementor-element-a7c1dc9 elementor-widget elementor-widget-image\" data-id=\"a7c1dc9\" data-element_type=\"widget\" data-e-type=\"widget\" data-widget_type=\"image.default\">\n\t\t\t\t<div class=\"elementor-widget-container\">\n\t\t\t\t\t\t\t\t\t\t\t\t\t\t\t<img decoding=\"async\" width=\"864\" height=\"417\" src=\"https:\/\/poweredbyartsimpact.ca\/wp-content\/uploads\/2022\/10\/Logo-Mass-Culture-Mobilisation-Culturelle-v2.png\" class=\"attachment-large size-large wp-image-4786\" alt=\"\" srcset=\"https:\/\/poweredbyartsimpact.ca\/wp-content\/uploads\/2022\/10\/Logo-Mass-Culture-Mobilisation-Culturelle-v2.png 864w, https:\/\/poweredbyartsimpact.ca\/wp-content\/uploads\/2022\/10\/Logo-Mass-Culture-Mobilisation-Culturelle-v2-300x145.png 300w, https:\/\/poweredbyartsimpact.ca\/wp-content\/uploads\/2022\/10\/Logo-Mass-Culture-Mobilisation-Culturelle-v2-768x371.png 768w\" sizes=\"(max-width: 864px) 100vw, 864px\" \/>\t\t\t\t\t\t\t\t\t\t\t\t\t\t\t<\/div>\n\t\t\t\t<\/div>\n\t\t\t\t<div class=\"elementor-element elementor-element-0a629ea headerH2 elementor-widget elementor-widget-text-editor\" data-id=\"0a629ea\" data-element_type=\"widget\" data-e-type=\"widget\" data-widget_type=\"text-editor.default\">\n\t\t\t\t<div class=\"elementor-widget-container\">\n\t\t\t\t\t\t\t\t\t <a href=\"http:\/\/massculture.ca\/\" target=\"_blank\" rel=\"noopener\">Mobilisa<span style=\"font-weight: 400;\">tion culturelle<\/span><\/a> est une organisation qui se sert d\u2019une approche communautaire afin de fournir \u00e0 diverses parties les conditions et les contacts n\u00e9cessaires pour promouvoir la diffusion \u00e9quitable de la recherche dans les domaines des arts et de la culture\n\nEn rassemblant des travailleur-euse-s et des chercheur-euse-s du domaine de la culture, Mobilisation culturelle offre une plateforme permettant l\u2019exploration, la compr\u00e9hension et la mobilisation des connaissances.\t\t\t\t\t\t\t\t<\/div>\n\t\t\t\t<\/div>\n\t\t\t\t<\/div>\n\t\t<div class=\"elementor-element elementor-element-7be3597 e-con-full e-flex e-con e-child\" data-id=\"7be3597\" data-element_type=\"container\" data-e-type=\"container\">\n\t\t\t\t<div class=\"elementor-element elementor-element-e7ded4d elementor-widget elementor-widget-image\" data-id=\"e7ded4d\" data-element_type=\"widget\" data-e-type=\"widget\" data-widget_type=\"image.default\">\n\t\t\t\t<div class=\"elementor-widget-container\">\n\t\t\t\t\t\t\t\t\t\t\t\t\t\t\t<img decoding=\"async\" width=\"864\" height=\"417\" src=\"https:\/\/poweredbyartsimpact.ca\/wp-content\/uploads\/2022\/10\/Good-Roots-Consulting.jpg\" class=\"attachment-large size-large wp-image-4788\" alt=\"\" srcset=\"https:\/\/poweredbyartsimpact.ca\/wp-content\/uploads\/2022\/10\/Good-Roots-Consulting.jpg 864w, https:\/\/poweredbyartsimpact.ca\/wp-content\/uploads\/2022\/10\/Good-Roots-Consulting-300x145.jpg 300w, https:\/\/poweredbyartsimpact.ca\/wp-content\/uploads\/2022\/10\/Good-Roots-Consulting-768x371.jpg 768w\" sizes=\"(max-width: 864px) 100vw, 864px\" \/>\t\t\t\t\t\t\t\t\t\t\t\t\t\t\t<\/div>\n\t\t\t\t<\/div>\n\t\t\t\t<div class=\"elementor-element elementor-element-16ed691 headerH2 elementor-widget elementor-widget-text-editor\" data-id=\"16ed691\" data-element_type=\"widget\" data-e-type=\"widget\" data-widget_type=\"text-editor.default\">\n\t\t\t\t<div class=\"elementor-widget-container\">\n\t\t\t\t\t\t\t\t\t<a href=\"https:\/\/www.goodroots.ca\/\" target=\"_blank\" rel=\"noopener\">Good Roots Consulting<\/a> est une firme de consultation en \u00e9valuation et en strat\u00e9gie qui s\u2019est donn\u00e9 pour mission d\u2019aider les organisations \u00e0 but non lucratif, les gouvernements et d\u2019autres organisations \u00e0 vocation sociale \u00e0 accro\u00eetre leur incidence \u00e0 l\u2019aide d\u2019un minimum de ressources organisationnelles.\n\nGood Roots Consulting a men\u00e9 des dizaines de projets d\u2019\u00e9valuation pour diff\u00e9rents client-e-s travaillant dans les communaut\u00e9s \u00e0 travers le Canada. Good Roots Consulting travaille avec l\u2019AOC depuis 2018, et a collabor\u00e9 avec des organisations du domaine de l\u2019op\u00e9ra \u00e0 travers le Canada afin de mettre sur pied le Cadre d\u2019\u00e9valuation de l\u2019impact civique de l\u2019op\u00e9ra. Ses autres client-e-s dans les domaines des arts et de la culture comprennent Artscape, le FirstOntario Performing Arts Centre, FIXT POINT Arts and Media, TheatreDirect, Art Not Shame, StagePage and the Arts, et la Culture and Creative Industry Development Agency de la Ville de Brampton. Reconnue pour sa capacit\u00e9 \u00e0 d\u00e9mystifier l\u2019\u00e9valuation, l\u2019\u00e9quipe de Good Roots Consulting offre r\u00e9guli\u00e8rement des formations en \u00e9valuation aux acteur-trice-s du secteur \u00e0 but non lucratif.\t\t\t\t\t\t\t\t<\/div>\n\t\t\t\t<\/div>\n\t\t\t\t<\/div>\n\t\t\t\t\t<\/div>\n\t\t\t\t<\/div>\n\t\t<div class=\"elementor-element elementor-element-4123f9cc e-flex e-con-boxed e-con e-parent\" data-id=\"4123f9cc\" data-element_type=\"container\" data-e-type=\"container\">\n\t\t\t\t\t<div class=\"e-con-inner\">\n\t\t\t\t<div class=\"elementor-element elementor-element-f4f8d45 elementor-widget__width-inherit elementor-widget-divider--view-line_icon elementor-widget-divider--element-align-right elementor-widget-divider--separator-type-pattern elementor-widget-divider--no-spacing elementor-view-default elementor-widget elementor-widget-divider\" data-id=\"f4f8d45\" data-element_type=\"widget\" data-e-type=\"widget\" data-widget_type=\"divider.default\">\n\t\t\t\t<div class=\"elementor-widget-container\">\n\t\t\t\t\t\t\t<div class=\"elementor-divider\" style=\"--divider-pattern-url: url(&quot;data:image\/svg+xml,%3Csvg xmlns=&#039;http:\/\/www.w3.org\/2000\/svg&#039; preserveAspectRatio=&#039;xMidYMid meet&#039; overflow=&#039;visible&#039; height=&#039;100%&#039; viewBox=&#039;0 0 126 26&#039; fill=&#039;black&#039; stroke=&#039;none&#039;%3E%3Cpath d=&#039;M3,10.2c2.6,0,2.6,2,2.6,3.2S4.4,16.5,3,16.5s-3-1.4-3-3.2S0.4,10.2,3,10.2z M18.8,10.2c1.7,0,3.2,1.4,3.2,3.2s-1.4,3.2-3.2,3.2c-1.7,0-3.2-1.4-3.2-3.2S17,10.2,18.8,10.2z M34.6,10.2c1.5,0,2.6,1.4,2.6,3.2s-0.5,3.2-1.9,3.2c-1.5,0-3.4-1.4-3.4-3.2S33.1,10.2,34.6,10.2z M50.5,10.2c1.7,0,3.2,1.4,3.2,3.2s-1.4,3.2-3.2,3.2c-1.7,0-3.3-0.9-3.3-2.6S48.7,10.2,50.5,10.2z M66.2,10.2c1.5,0,3.4,1.4,3.4,3.2s-1.9,3.2-3.4,3.2c-1.5,0-2.6-0.4-2.6-2.1S64.8,10.2,66.2,10.2z M82.2,10.2c1.7,0.8,2.6,1.4,2.6,3.2s-0.1,3.2-1.6,3.2c-1.5,0-3.7-1.4-3.7-3.2S80.5,9.4,82.2,10.2zM98.6,10.2c1.5,0,2.6,0.4,2.6,2.1s-1.2,4.2-2.6,4.2c-1.5,0-3.7-0.4-3.7-2.1S97.1,10.2,98.6,10.2z M113.4,10.2c1.2,0,2.2,0.9,2.2,3.2s-0.1,3.2-1.3,3.2s-3.1-1.4-3.1-3.2S112.2,10.2,113.4,10.2z&#039;\/%3E%3C\/svg%3E&quot;);\">\n\t\t\t<span class=\"elementor-divider-separator\">\n\t\t\t\t\t\t\t<div class=\"elementor-icon elementor-divider__element\">\n\t\t\t\t\t<i aria-hidden=\"true\" class=\"fas fa-paint-brush\"><\/i><\/div>\n\t\t\t\t\t\t<\/span>\n\t\t<\/div>\n\t\t\t\t\t\t<\/div>\n\t\t\t\t<\/div>\n\t\t\t\t\t<\/div>\n\t\t\t\t<\/div>\n\t\t\t\t<\/div>\n\t\t","protected":false},"excerpt":{"rendered":"<p>\u00c0 propos de nous Nous sommes un groupe d\u2019organisations engag\u00e9es \u00e0 renforcer les capacit\u00e9s du domaine des arts en mati\u00e8re d\u2019\u00e9valuation L\u2019Association pour l\u2019op\u00e9ra au Canada (AOC) est une association dont les membres sont des troupes et des artistes d\u2019op\u00e9ra, des entreprises, des \u00e9tablissements d\u2019enseignement et des personnes. \u00a0 Son mandat consiste \u00e0 faire en [&hellip;]<\/p>\n","protected":false},"author":2,"featured_media":0,"parent":0,"menu_order":1,"comment_status":"closed","ping_status":"closed","template":"","meta":{"site-sidebar-layout":"no-sidebar","site-content-layout":"page-builder","ast-site-content-layout":"default","site-content-style":"default","site-sidebar-style":"default","ast-global-header-display":"","ast-banner-title-visibility":"","ast-main-header-display":"","ast-hfb-above-header-display":"","ast-hfb-below-header-display":"","ast-hfb-mobile-header-display":"","site-post-title":"disabled","ast-breadcrumbs-content":"","ast-featured-img":"disabled","footer-sml-layout":"","ast-disable-related-posts":"","theme-transparent-header-meta":"default","adv-header-id-meta":"","stick-header-meta":"","header-above-stick-meta":"","header-main-stick-meta":"","header-below-stick-meta":"","astra-migrate-meta-layouts":"default","ast-page-background-enabled":"default","ast-page-background-meta":{"desktop":{"background-color":"","background-image":"","background-repeat":"repeat","background-position":"center center","background-size":"auto","background-attachment":"scroll","background-type":"","background-media":"","overlay-type":"","overlay-color":"","overlay-opacity":"","overlay-gradient":""},"tablet":{"background-color":"","background-image":"","background-repeat":"repeat","background-position":"center center","background-size":"auto","background-attachment":"scroll","background-type":"","background-media":"","overlay-type":"","overlay-color":"","overlay-opacity":"","overlay-gradient":""},"mobile":{"background-color":"","background-image":"","background-repeat":"repeat","background-position":"center center","background-size":"auto","background-attachment":"scroll","background-type":"","background-media":"","overlay-type":"","overlay-color":"","overlay-opacity":"","overlay-gradient":""}},"ast-content-background-meta":{"desktop":{"background-color":"var(--ast-global-color-5)","background-image":"","background-repeat":"repeat","background-position":"center center","background-size":"auto","background-attachment":"scroll","background-type":"","background-media":"","overlay-type":"","overlay-color":"","overlay-opacity":"","overlay-gradient":""},"tablet":{"background-color":"var(--ast-global-color-5)","background-image":"","background-repeat":"repeat","background-position":"center center","background-size":"auto","background-attachment":"scroll","background-type":"","background-media":"","overlay-type":"","overlay-color":"","overlay-opacity":"","overlay-gradient":""},"mobile":{"background-color":"var(--ast-global-color-5)","background-image":"","background-repeat":"repeat","background-position":"center center","background-size":"auto","background-attachment":"scroll","background-type":"","background-media":"","overlay-type":"","overlay-color":"","overlay-opacity":"","overlay-gradient":""}},"footnotes":""},"class_list":["post-5018","page","type-page","status-publish","hentry"],"_links":{"self":[{"href":"https:\/\/poweredbyartsimpact.ca\/fr\/wp-json\/wp\/v2\/pages\/5018","targetHints":{"allow":["GET"]}}],"collection":[{"href":"https:\/\/poweredbyartsimpact.ca\/fr\/wp-json\/wp\/v2\/pages"}],"about":[{"href":"https:\/\/poweredbyartsimpact.ca\/fr\/wp-json\/wp\/v2\/types\/page"}],"author":[{"embeddable":true,"href":"https:\/\/poweredbyartsimpact.ca\/fr\/wp-json\/wp\/v2\/users\/2"}],"replies":[{"embeddable":true,"href":"https:\/\/poweredbyartsimpact.ca\/fr\/wp-json\/wp\/v2\/comments?post=5018"}],"version-history":[{"count":5,"href":"https:\/\/poweredbyartsimpact.ca\/fr\/wp-json\/wp\/v2\/pages\/5018\/revisions"}],"predecessor-version":[{"id":5856,"href":"https:\/\/poweredbyartsimpact.ca\/fr\/wp-json\/wp\/v2\/pages\/5018\/revisions\/5856"}],"wp:attachment":[{"href":"https:\/\/poweredbyartsimpact.ca\/fr\/wp-json\/wp\/v2\/media?parent=5018"}],"curies":[{"name":"wp","href":"https:\/\/api.w.org\/{rel}","templated":true}]}}